{"id":32854,"date":"2022-03-15T12:54:21","date_gmt":"2022-03-15T11:54:21","guid":{"rendered":"https:\/\/www.proquimia.com\/proquimia-en-el-mundo\/"},"modified":"2023-06-14T10:47:35","modified_gmt":"2023-06-14T08:47:35","slug":"proquimia-al-mon","status":"publish","type":"page","link":"https:\/\/beta.proquimia.com\/ca\/proquimia-al-mon\/","title":{"rendered":"Proquimia al m\u00f3n"},"content":{"rendered":"<div class=\"vce-row-container\"><div class=\"vce-row vce-element--xl--has-background vce-element--lg--has-background vce-element--md--has-background vce-element--sm--has-background vce-element--xs--has-background vce-row--col-gap-30 header-masks-small vce-row-equal-height vce-row-content--top\" data-vce-full-width=\"true\" id=\"el-3e7abb31\" data-vce-do-apply=\"all el-3e7abb31\"><div class=\"vce-content-background-container\"><div class=\"vce-asset-background-simple-container vce-visible-xl-only vce-asset-background-simple--style-cover vce-asset-background-simple--position-center-center\"><div class=\"vce-asset-background-simple\">\n              <div style='background-image: url(\"https:\/\/mluee1pap09c.i.optimole.com\/w:auto\/h:auto\/q:mauto\/f:best\/https:\/\/beta.proquimia.com\/wp-content\/uploads\/2022\/03\/proquimia-en-el-mundo.jpg\");'  class=\"vce-asset-background-simple-item vcv-lozad\" ><\/div>\n              <noscript>\n                <div class=\"vce-asset-background-simple-item\" style=\"background-image: url(https:\/\/mluee1pap09c.i.optimole.com\/w:auto\/h:auto\/q:mauto\/f:best\/https:\/\/beta.proquimia.com\/wp-content\/uploads\/2022\/03\/proquimia-en-el-mundo.jpg)\"><\/div>\n              <\/noscript>\n            <\/div><\/div><div class=\"vce-asset-background-simple-container vce-visible-lg-only vce-asset-background-simple--style-no-repeat vce-asset-background-simple--position-center-center\"><div class=\"vce-asset-background-simple\">\n              <div style='background-image: url(\"https:\/\/mluee1pap09c.i.optimole.com\/w:auto\/h:auto\/q:mauto\/f:best\/https:\/\/beta.proquimia.com\/wp-content\/uploads\/2022\/03\/proquimia-en-el-mundo.jpg\");'  class=\"vce-asset-background-simple-item vcv-lozad\" ><\/div>\n              <noscript>\n                <div class=\"vce-asset-background-simple-item\" style=\"background-image: url(https:\/\/mluee1pap09c.i.optimole.com\/w:auto\/h:auto\/q:mauto\/f:best\/https:\/\/beta.proquimia.com\/wp-content\/uploads\/2022\/03\/proquimia-en-el-mundo.jpg)\"><\/div>\n              <\/noscript>\n            <\/div><\/div><div class=\"vce-asset-background-simple-container vce-visible-md-only vce-asset-background-simple--style-no-repeat vce-asset-background-simple--position-center-center\"><div class=\"vce-asset-background-simple\">\n              <div style='background-image: url(\"https:\/\/mluee1pap09c.i.optimole.com\/w:auto\/h:auto\/q:mauto\/f:best\/https:\/\/beta.proquimia.com\/wp-content\/uploads\/2022\/03\/proquimia-en-el-mundo.jpg\");'  class=\"vce-asset-background-simple-item vcv-lozad\" ><\/div>\n              <noscript>\n                <div class=\"vce-asset-background-simple-item\" style=\"background-image: url(https:\/\/mluee1pap09c.i.optimole.com\/w:auto\/h:auto\/q:mauto\/f:best\/https:\/\/beta.proquimia.com\/wp-content\/uploads\/2022\/03\/proquimia-en-el-mundo.jpg)\"><\/div>\n              <\/noscript>\n            <\/div><\/div><div class=\"vce-asset-background-simple-container vce-visible-sm-only vce-asset-background-simple--style-no-repeat vce-asset-background-simple--position-center-center\"><div class=\"vce-asset-background-simple\">\n              <div style='background-image: url(\"https:\/\/mluee1pap09c.i.optimole.com\/w:auto\/h:auto\/q:mauto\/f:best\/https:\/\/beta.proquimia.com\/wp-content\/uploads\/2022\/03\/proquimia-en-el-mundo.jpg\");'  class=\"vce-asset-background-simple-item vcv-lozad\" ><\/div>\n              <noscript>\n                <div class=\"vce-asset-background-simple-item\" style=\"background-image: url(https:\/\/mluee1pap09c.i.optimole.com\/w:auto\/h:auto\/q:mauto\/f:best\/https:\/\/beta.proquimia.com\/wp-content\/uploads\/2022\/03\/proquimia-en-el-mundo.jpg)\"><\/div>\n              <\/noscript>\n            <\/div><\/div><div class=\"vce-asset-background-simple-container vce-visible-xs-only vce-asset-background-simple--style-no-repeat vce-asset-background-simple--position-right-center\"><div class=\"vce-asset-background-simple\">\n              <div style='background-image: url(\"https:\/\/mluee1pap09c.i.optimole.com\/w:auto\/h:auto\/q:mauto\/f:best\/https:\/\/beta.proquimia.com\/wp-content\/uploads\/2022\/03\/proquimia-en-el-mundo.jpg\");'  class=\"vce-asset-background-simple-item vcv-lozad\" ><\/div>\n              <noscript>\n                <div class=\"vce-asset-background-simple-item\" style=\"background-image: url(https:\/\/mluee1pap09c.i.optimole.com\/w:auto\/h:auto\/q:mauto\/f:best\/https:\/\/beta.proquimia.com\/wp-content\/uploads\/2022\/03\/proquimia-en-el-mundo.jpg)\"><\/div>\n              <\/noscript>\n            <\/div><\/div><\/div><div class=\"vce-row-content\" data-vce-element-content=\"true\"><div class=\"vce-col vce-col--xs-100p vce-col--xs-visible vce-col--xs-last vce-col--xs-first vce-col--sm-100p vce-col--sm-visible vce-col--sm-last vce-col--sm-first vce-col--md-100p vce-col--md-visible vce-col--md-last vce-col--md-first vce-col--lg-auto vce-col--lg-visible vce-col--lg-first vce-col--xl-auto vce-col--xl-visible vce-col--xl-first\" id=\"el-04831888\"><div class=\"vce-col-inner\" data-vce-do-apply=\"border margin background  el-04831888\"><div class=\"vce-col-content\" data-vce-element-content=\"true\" data-vce-do-apply=\"padding el-04831888\"><div class=\"vce-text-block\"><div class=\"vce-text-block-wrapper vce\" id=\"el-9a92a9f0\" data-vce-do-apply=\"all el-9a92a9f0\"><h1><span style=\"color: #ffffff;\">Proquimia en el mundo<\/span><\/h1><\/div><\/div><\/div><\/div><\/div><div class=\"vce-col vce-col--xs-100p vce-col--xs-visible vce-col--xs-last vce-col--xs-first vce-col--sm-100p vce-col--sm-visible vce-col--sm-last vce-col--sm-first vce-col--md-100p vce-col--md-visible vce-col--md-last vce-col--md-first vce-col--lg-auto vce-col--lg-visible vce-col--lg-last vce-col--xl-auto vce-col--xl-visible vce-col--xl-last\" id=\"el-042bb20f\"><div class=\"vce-col-inner\" data-vce-do-apply=\"border margin background  el-042bb20f\"><div class=\"vce-col-content\" data-vce-element-content=\"true\" data-vce-do-apply=\"padding el-042bb20f\"><div><\/div><\/div><\/div><\/div><\/div><\/div><\/div><div class=\"vce-row-container\" data-vce-boxed-width=\"true\"><div class=\"vce-row vce-row--col-gap-30 vce-row-equal-height vce-row-content--top\" id=\"el-36f00839\" data-vce-do-apply=\"all el-36f00839\"><div class=\"vce-row-content\" data-vce-element-content=\"true\"><div class=\"vce-col vce-col--md-auto vce-col--xs-1 vce-col--xs-last vce-col--xs-first vce-col--sm-last vce-col--sm-first vce-col--md-last vce-col--lg-last vce-col--xl-last vce-col--md-first vce-col--lg-first vce-col--xl-first\" id=\"el-5e3968b9\"><div class=\"vce-col-inner\" data-vce-do-apply=\"border margin background  el-5e3968b9\"><div class=\"vce-col-content\" data-vce-element-content=\"true\" data-vce-do-apply=\"padding el-5e3968b9\"><div class=\"vce-single-image-container vce-single-image--align-center\"><div class=\"vce vce-single-image-wrapper\" id=\"el-3fb68a1a\" data-vce-do-apply=\"all el-3fb68a1a\" data-vce-animate=\"vce-o-animate--fadeIn\"><figure><div class=\"vce-single-image-figure-inner\" style=\"width: 1140px;\"><div class=\"vce-single-image-inner vce-single-image--absolute\" style=\"width: 100%; padding-bottom: 57.0175%;\"><img fetchpriority=\"high\" decoding=\"async\" class=\"vce-single-image\" src=\"https:\/\/mluee1pap09c.i.optimole.com\/w:auto\/h:auto\/q:mauto\/f:best\/https:\/\/beta.proquimia.com\/wp-content\/uploads\/Mapa-mon.png\" data-img-src=\"https:\/\/mluee1pap09c.i.optimole.com\/w:auto\/h:auto\/q:mauto\/f:best\/https:\/\/beta.proquimia.com\/wp-content\/uploads\/Mapa-mon.png\" data-attachment-id=\"43594\" alt=\"\" title=\"Mapa mon\"><\/div><\/div><figcaption hidden=\"\"><\/figcaption><\/figure><\/div><\/div><\/div><\/div><\/div><\/div><\/div><\/div><div class=\"vce-row-container\" data-vce-boxed-width=\"true\"><div class=\"vce-row vce-row--col-gap-60 vce-row-equal-height vce-row-content--top\" id=\"el-988a7708\" data-vce-do-apply=\"all el-988a7708\"><div class=\"vce-content-background-container\"><\/div><div class=\"vce-row-content\" data-vce-element-content=\"true\"><div class=\"vce-col vce-col--xs-100p vce-col--xs-visible vce-col--xs-last vce-col--xs-first vce-col--sm-100p vce-col--sm-visible vce-col--sm-last vce-col--sm-first vce-col--md-50p vce-col--md-visible vce-col--md-first vce-col--lg-25p vce-col--lg-visible vce-col--lg-first vce-col--xl-25p vce-col--xl-visible vce-col--xl-first\" id=\"el-4fe1768b\"><div class=\"vce-col-inner\" data-vce-do-apply=\"border margin background  el-4fe1768b\"><div class=\"vce-content-background-container\"><\/div><div class=\"vce-col-content\" data-vce-element-content=\"true\" data-vce-do-apply=\"padding el-4fe1768b\"><div class=\"vce-text-block\"><div class=\"vce-text-block-wrapper vce\" id=\"el-845a0183\" data-vce-do-apply=\"all el-845a0183\"><h3>Sede Central<br><br><\/h3><p><strong>VIC<\/strong><br>PROQUIMIA, SA<br>Ctra. de Prats, 6<br>08500 Vic (Barcelona)<br>Tel.+34 93 883 23 53<br>Fax.+34 93 883 20 50<\/p><\/div><\/div><\/div><\/div><\/div><div class=\"vce-col vce-col--xs-100p vce-col--xs-visible vce-col--xs-last vce-col--xs-first vce-col--sm-100p vce-col--sm-visible vce-col--sm-last vce-col--sm-first vce-col--md-50p vce-col--md-visible vce-col--md-last vce-col--lg-25p vce-col--lg-visible vce-col--xl-25p vce-col--xl-visible\" id=\"el-63ee376e\"><div class=\"vce-col-inner\" data-vce-do-apply=\"border margin background  el-63ee376e\"><div class=\"vce-content-background-container\"><\/div><div class=\"vce-col-content\" data-vce-element-content=\"true\" data-vce-do-apply=\"padding el-63ee376e\"><div class=\"vce-text-block\"><div class=\"vce-text-block-wrapper vce\" id=\"el-87152385\" data-vce-do-apply=\"all el-87152385\"><h3>Centros Productivos<\/h3><p><strong>BRASIL<\/strong><br>PROQUIMIA PRODUTOS<br>QU\u00cdMICOS DO BRASIL SA<br>Rodovia Ivo Silveira<br>88355-200 Bairro Bateas<br>Brusque Santa Catarina<\/p><p><strong>COSTA RICA<\/strong><br>PH PROQUIMIA COSTA RICA<br>800 Metros Oeste Terminales<br>Santamar\u00eda (Alajuela)<br>Tel.+506 24 438 644<\/p><p><strong>CUBA<\/strong><br>SUCHEL-PROQUIMIA<br>Balaguer, 23 e\/San Julio y Paz<br>Cerro (Ciudad de la Habana)<br>Tel.(53) 764 959 04\/05<\/p><p><strong>CHILE<\/strong><br>PROQUIMIA, SA<br>Camino lo Ruiz #5310<br>Galapon G, \u2013 Quilicura<br>Tel. +56228322000<\/p><p><strong>REP\u00daBLICA DOMINICANA<\/strong><br>PROQUIMIA DOMINICANA, SA<br>Calle Esther Rosario n\u00ba3-A<br>Esquina Sta. Luc\u00eda, Sta.Martha<br>Zona Industrial de Manoguayabo<br>Santo Domingo<br>Tel. 1 (809) 379-1616<\/p><\/div><\/div><\/div><\/div><\/div><div class=\"vce-col vce-col--xs-100p vce-col--xs-visible vce-col--xs-last vce-col--xs-first vce-col--sm-100p vce-col--sm-visible vce-col--sm-last vce-col--sm-first vce-col--md-100p vce-col--md-visible vce-col--md-last vce-col--md-first vce-col--lg-auto vce-col--lg-visible vce-col--lg-last vce-col--xl-auto vce-col--xl-visible vce-col--xl-last\" id=\"el-dcca4821\"><div class=\"vce-col-inner\" data-vce-do-apply=\"border margin background  el-dcca4821\"><div class=\"vce-content-background-container\"><\/div><div class=\"vce-col-content\" data-vce-element-content=\"true\" data-vce-do-apply=\"padding el-dcca4821\"><div class=\"vce-row-container\" data-vce-boxed-width=\"true\"><div class=\"vce-row vce-row--col-gap-30 vce-row-equal-height vce-row-content--top\" id=\"el-bca340cc\" data-vce-do-apply=\"all el-bca340cc\"><div class=\"vce-row-content\" data-vce-element-content=\"true\"><div class=\"vce-col vce-col--md-auto vce-col--xs-1 vce-col--xs-last vce-col--xs-first vce-col--sm-last vce-col--sm-first vce-col--md-first vce-col--lg-first vce-col--xl-first\" id=\"el-540b82fa\"><div class=\"vce-col-inner\" data-vce-do-apply=\"border margin background  el-540b82fa\"><div class=\"vce-col-content\" data-vce-element-content=\"true\" data-vce-do-apply=\"padding el-540b82fa\"><div class=\"vce-text-block\"><div class=\"vce-text-block-wrapper vce\" id=\"el-d972e4b2\" data-vce-do-apply=\"all el-d972e4b2\"><h3>Delegaciones<br>en el Mundo<\/h3><\/div><\/div><\/div><\/div><\/div><div class=\"vce-col vce-col--md-auto vce-col--xs-1 vce-col--xs-last vce-col--xs-first vce-col--sm-last vce-col--sm-first vce-col--md-last vce-col--lg-last vce-col--xl-last\" id=\"el-22bc8f9b\"><div class=\"vce-col-inner\" data-vce-do-apply=\"border margin background  el-22bc8f9b\"><div class=\"vce-col-content\" data-vce-element-content=\"true\" data-vce-do-apply=\"padding el-22bc8f9b\"><div><\/div><\/div><\/div><\/div><\/div><\/div><\/div><div class=\"vce-row-container\" data-vce-boxed-width=\"true\"><div class=\"vce-row vce-row--col-gap-60 vce-row-equal-height vce-row-content--top\" id=\"el-4f9756f9\" data-vce-do-apply=\"all el-4f9756f9\"><div class=\"vce-row-content\" data-vce-element-content=\"true\"><div class=\"vce-col vce-col--md-auto vce-col--xs-1 vce-col--xs-last vce-col--xs-first vce-col--sm-last vce-col--sm-first vce-col--md-first vce-col--lg-first vce-col--xl-first\" id=\"el-86ece1ff\"><div class=\"vce-col-inner\" data-vce-do-apply=\"border margin background  el-86ece1ff\"><div class=\"vce-col-content\" data-vce-element-content=\"true\" data-vce-do-apply=\"padding el-86ece1ff\"><div class=\"vce-text-block\"><div class=\"vce-text-block-wrapper vce\" id=\"el-a5bbdb34\" data-vce-do-apply=\"all el-a5bbdb34\"><span style=\"color: #002475;\"><u>EUROPA<\/u><\/span><br><br><strong>ANDORRA<\/strong><br>Fiter i Rosell, 90<br>AD700 Les Escaldes<br>+376 805 700<br><br><strong>FRANCIA<\/strong><br>Servicio comercial<br>Fabien Neel<br>Tel.+33 0 675 25 50 37<br><br><strong>PORTUGAL<\/strong><br>PROQUIMIA PORTUGAL<br>UNIPESSOAL, LDA<br>Rua Cidade de Bolama, N\u00ba10, 8\u00baD<br>1800-079 Lisboa<br>Tel.+35 121 847 27 22<br><br><span style=\"color: #002475;\"><u>AM\u00c9RICA DEL NORTE<\/u><\/span><br><br><strong>M\u00c9XICO<\/strong><br>PRODUCTOS QU\u00cdMICOS<br>AUSONA, SA DE CV<br>Av. Comalcalco<br>Mz 11 Lt 10 Regi\u00f3n 97<br>77530 Canc\u00fan (Quintana Roo)<br>Tel.+52 998 892 17 20<br><br><span style=\"color: #002475;\"><u>AM\u00c9RICA CENTRAL<\/u><\/span><br><br><strong>JAMAICA<\/strong><br>WE RESOLVE JAMAICA<br>21 Blue Diamond Shopping Centre<br>JMCJS12 Montego Bay<br>Jamaica<br>Tel.+1(876) 843 3270<br><br><strong>PANAM\u00c1<\/strong><br>PROQUIMIA INTERNATIONAL,SA<br>Via Cincuentenario Final,<br>intersecci\u00f3n con R\u00edo Abajo<br>Super Centro el Sat\u00e9lite, local #7<br>Tel. +507 323 20 66<br><br><span style=\"color: #002475;\"><u>AM\u00c9RICA DEL SUR<\/u><\/span><br><br><strong>ARUBA<\/strong><br>TOTAL QUALITY PRODUCT N.V.<br>Barcadera 5F<br>Tel. +2975253460<br>COLOMBIA<br>Q.E. HENAO QU\u00cdMICOS<br>ESPECIALIZADOS S. EN C.<br>Calle 50, n\u00ba71-40, of.207<br>Medell\u00edn<br>Tel.+57 426 057 12<\/div><\/div><\/div><\/div><\/div><div class=\"vce-col vce-col--md-auto vce-col--xs-1 vce-col--xs-last vce-col--xs-first vce-col--sm-last vce-col--sm-first vce-col--md-last vce-col--lg-last vce-col--xl-last\" id=\"el-54ffb544\"><div class=\"vce-col-inner\" data-vce-do-apply=\"border margin background  el-54ffb544\"><div class=\"vce-col-content\" data-vce-element-content=\"true\" data-vce-do-apply=\"padding el-54ffb544\"><div class=\"vce-text-block\"><div class=\"vce-text-block-wrapper vce\" id=\"el-49f6cec7\" data-vce-do-apply=\"all el-49f6cec7\"><span style=\"color: #002475;\"><u>ASIA<\/u><\/span><br><br><strong>REP\u00daBLICA DE MALDIVAS<\/strong><br>KOKUA<br>Faaz\/ Hithadhoo \/ Addu City<br>Rep\u00fablica de Maldivas<br>Tel.+96 9595200<br><br><strong>EMIRATOS \u00c1RABES UNIDOS<\/strong><br>GREEN CLOUD GULF FZC<br>RAS AL KHAIMAH<br>UNITED ARAB EMIRATES<br>Tel.(971) 501 34 07 34<br><br><span style=\"color: #002475;\"><u>\u00c1FRICA<\/u><\/span><br><br><strong>ARGELIA<\/strong><br>S.G. INDUSTRIES<br>11 Route de Dely<br>Ibrahim Cheraga-Alger<br>Tel. +213 661 52 83 06<br><br><strong>CABO VERDE<\/strong><br>Delegaci\u00f3n Isla de Sal<br>Zona Industrial Palmeira<br>Ilha do Sal<br>Rep\u00fablica de Cabo Verde<br>Caixa postal: 112<br>Tel: (+238) 2413 290<br><br><strong>CABO VERDE<\/strong><br>Delegaci\u00f3n Isla Boa Vista<br>Nave Emicela<br>Sal-Rei<br>Boa Vista<br>Rep\u00fablica de Cabo Verde<br>Tel: (+238) 2511 995<br><br><strong>MARRUECOS<\/strong><br>MERCURE INDUSTRIE, SA<br>Lotissement Lina N\u00ba351<br>Sidi M\u00e2arouf-Ouled Haddou<br>(Casablanca) BP20280<br>Tel.+21 252 297 43 11<br><br><strong>T\u00daNEZ<\/strong><br>CLEAN PLUS, SA<br>Inmeuble El Minsk<br>Boulevard Mongi Bali B-25<br>708173 Sousse<br>Tel. +216 73219599<\/div><\/div><\/div><\/div><\/div><\/div><\/div><\/div><\/div><\/div><\/div><\/div><\/div><\/div>","protected":false},"excerpt":{"rendered":"<p>Proquimia en el mundoSede CentralVICPROQUIMIA, SACtra. de Prats, 608500 Vic (Barcelona)Tel.+34 93 883 23 53Fax.+34 93 883 20 50Centros ProductivosBRASILPROQUIMIA PRODUTOSQU\u00cdMICOS DO BRASIL SARodovia Ivo Silveira88355-200 Bairro BateasBrusque Santa CatarinaCOSTA RICAPH PROQUIMIA COSTA RICA800 Metros Oeste TerminalesSantamar\u00eda (Alajuela)Tel.+506 24 438 644CUBASUCHEL-PROQUIMIABalaguer, 23 e\/San Julio y PazCerro (Ciudad de la Habana)Tel.(53) 764 959 04\/05CHILEPROQUIMIA, SACamino lo [&hellip;]<\/p>\n","protected":false},"author":1,"featured_media":0,"parent":0,"menu_order":0,"comment_status":"closed","ping_status":"closed","template":"","meta":{"_acf_changed":false,"inline_featured_image":false,"footnotes":""},"class_list":["post-32854","page","type-page","status-publish","hentry"],"acf":[],"yoast_head":"<!-- This site is optimized with the Yoast SEO plugin v24.0 - https:\/\/yoast.com\/wordpress\/plugins\/seo\/ -->\n<title>Proquimia al m\u00f3n - Proquimia<\/title>\n<meta name=\"robots\" content=\"noindex, follow, max-snippet:-1, max-image-preview:large, max-video-preview:-1\" \/>\n<meta property=\"og:locale\" content=\"ca_ES\" \/>\n<meta property=\"og:type\" content=\"article\" \/>\n<meta property=\"og:title\" content=\"Proquimia al m\u00f3n - Proquimia\" \/>\n<meta property=\"og:description\" content=\"Proquimia en el mundoSede CentralVICPROQUIMIA, SACtra. de Prats, 608500 Vic (Barcelona)Tel.+34 93 883 23 53Fax.+34 93 883 20 50Centros ProductivosBRASILPROQUIMIA PRODUTOSQU\u00cdMICOS DO BRASIL SARodovia Ivo Silveira88355-200 Bairro BateasBrusque Santa CatarinaCOSTA RICAPH PROQUIMIA COSTA RICA800 Metros Oeste TerminalesSantamar\u00eda (Alajuela)Tel.+506 24 438 644CUBASUCHEL-PROQUIMIABalaguer, 23 e\/San Julio y PazCerro (Ciudad de la Habana)Tel.(53) 764 959 04\/05CHILEPROQUIMIA, SACamino lo [&hellip;]\" \/>\n<meta property=\"og:url\" content=\"https:\/\/beta.proquimia.com\/ca\/proquimia-al-mon\/\" \/>\n<meta property=\"og:site_name\" content=\"Proquimia\" \/>\n<meta property=\"article:modified_time\" content=\"2023-06-14T08:47:35+00:00\" \/>\n<meta name=\"twitter:card\" content=\"summary_large_image\" \/>\n<meta name=\"twitter:label1\" content=\"Temps estimat de lectura\" \/>\n\t<meta name=\"twitter:data1\" content=\"1 minut\" \/>\n<script type=\"application\/ld+json\" class=\"yoast-schema-graph\">{\"@context\":\"https:\/\/schema.org\",\"@graph\":[{\"@type\":\"WebPage\",\"@id\":\"https:\/\/beta.proquimia.com\/ca\/proquimia-al-mon\/\",\"url\":\"https:\/\/beta.proquimia.com\/ca\/proquimia-al-mon\/\",\"name\":\"Proquimia al m\u00f3n - Proquimia\",\"isPartOf\":{\"@id\":\"https:\/\/beta.proquimia.com\/ca\/#website\"},\"datePublished\":\"2022-03-15T11:54:21+00:00\",\"dateModified\":\"2023-06-14T08:47:35+00:00\",\"breadcrumb\":{\"@id\":\"https:\/\/beta.proquimia.com\/ca\/proquimia-al-mon\/#breadcrumb\"},\"inLanguage\":\"ca\",\"potentialAction\":[{\"@type\":\"ReadAction\",\"target\":[\"https:\/\/beta.proquimia.com\/ca\/proquimia-al-mon\/\"]}]},{\"@type\":\"BreadcrumbList\",\"@id\":\"https:\/\/beta.proquimia.com\/ca\/proquimia-al-mon\/#breadcrumb\",\"itemListElement\":[{\"@type\":\"ListItem\",\"position\":1,\"name\":\"Portada\",\"item\":\"https:\/\/beta.proquimia.com\/ca\/\"},{\"@type\":\"ListItem\",\"position\":2,\"name\":\"Proquimia al m\u00f3n\"}]},{\"@type\":\"WebSite\",\"@id\":\"https:\/\/beta.proquimia.com\/ca\/#website\",\"url\":\"https:\/\/beta.proquimia.com\/ca\/\",\"name\":\"Proquimia\",\"description\":\"Soluciones qu\u00edmicas y Productos de Limpieza Industrial\",\"potentialAction\":[{\"@type\":\"SearchAction\",\"target\":{\"@type\":\"EntryPoint\",\"urlTemplate\":\"https:\/\/beta.proquimia.com\/ca\/?s={search_term_string}\"},\"query-input\":{\"@type\":\"PropertyValueSpecification\",\"valueRequired\":true,\"valueName\":\"search_term_string\"}}],\"inLanguage\":\"ca\"}]}<\/script>\n<!-- \/ Yoast SEO plugin. -->","yoast_head_json":{"title":"Proquimia al m\u00f3n - Proquimia","robots":{"index":"noindex","follow":"follow","max-snippet":"max-snippet:-1","max-image-preview":"max-image-preview:large","max-video-preview":"max-video-preview:-1"},"og_locale":"ca_ES","og_type":"article","og_title":"Proquimia al m\u00f3n - Proquimia","og_description":"Proquimia en el mundoSede CentralVICPROQUIMIA, SACtra. de Prats, 608500 Vic (Barcelona)Tel.+34 93 883 23 53Fax.+34 93 883 20 50Centros ProductivosBRASILPROQUIMIA PRODUTOSQU\u00cdMICOS DO BRASIL SARodovia Ivo Silveira88355-200 Bairro BateasBrusque Santa CatarinaCOSTA RICAPH PROQUIMIA COSTA RICA800 Metros Oeste TerminalesSantamar\u00eda (Alajuela)Tel.+506 24 438 644CUBASUCHEL-PROQUIMIABalaguer, 23 e\/San Julio y PazCerro (Ciudad de la Habana)Tel.(53) 764 959 04\/05CHILEPROQUIMIA, SACamino lo [&hellip;]","og_url":"https:\/\/beta.proquimia.com\/ca\/proquimia-al-mon\/","og_site_name":"Proquimia","article_modified_time":"2023-06-14T08:47:35+00:00","twitter_card":"summary_large_image","twitter_misc":{"Temps estimat de lectura":"1 minut"},"schema":{"@context":"https:\/\/schema.org","@graph":[{"@type":"WebPage","@id":"https:\/\/beta.proquimia.com\/ca\/proquimia-al-mon\/","url":"https:\/\/beta.proquimia.com\/ca\/proquimia-al-mon\/","name":"Proquimia al m\u00f3n - Proquimia","isPartOf":{"@id":"https:\/\/beta.proquimia.com\/ca\/#website"},"datePublished":"2022-03-15T11:54:21+00:00","dateModified":"2023-06-14T08:47:35+00:00","breadcrumb":{"@id":"https:\/\/beta.proquimia.com\/ca\/proquimia-al-mon\/#breadcrumb"},"inLanguage":"ca","potentialAction":[{"@type":"ReadAction","target":["https:\/\/beta.proquimia.com\/ca\/proquimia-al-mon\/"]}]},{"@type":"BreadcrumbList","@id":"https:\/\/beta.proquimia.com\/ca\/proquimia-al-mon\/#breadcrumb","itemListElement":[{"@type":"ListItem","position":1,"name":"Portada","item":"https:\/\/beta.proquimia.com\/ca\/"},{"@type":"ListItem","position":2,"name":"Proquimia al m\u00f3n"}]},{"@type":"WebSite","@id":"https:\/\/beta.proquimia.com\/ca\/#website","url":"https:\/\/beta.proquimia.com\/ca\/","name":"Proquimia","description":"Soluciones qu\u00edmicas y Productos de Limpieza Industrial","potentialAction":[{"@type":"SearchAction","target":{"@type":"EntryPoint","urlTemplate":"https:\/\/beta.proquimia.com\/ca\/?s={search_term_string}"},"query-input":{"@type":"PropertyValueSpecification","valueRequired":true,"valueName":"search_term_string"}}],"inLanguage":"ca"}]}},"_links":{"self":[{"href":"https:\/\/beta.proquimia.com\/ca\/wp-json\/wp\/v2\/pages\/32854","targetHints":{"allow":["GET"]}}],"collection":[{"href":"https:\/\/beta.proquimia.com\/ca\/wp-json\/wp\/v2\/pages"}],"about":[{"href":"https:\/\/beta.proquimia.com\/ca\/wp-json\/wp\/v2\/types\/page"}],"author":[{"embeddable":true,"href":"https:\/\/beta.proquimia.com\/ca\/wp-json\/wp\/v2\/users\/1"}],"replies":[{"embeddable":true,"href":"https:\/\/beta.proquimia.com\/ca\/wp-json\/wp\/v2\/comments?post=32854"}],"version-history":[{"count":8,"href":"https:\/\/beta.proquimia.com\/ca\/wp-json\/wp\/v2\/pages\/32854\/revisions"}],"predecessor-version":[{"id":43600,"href":"https:\/\/beta.proquimia.com\/ca\/wp-json\/wp\/v2\/pages\/32854\/revisions\/43600"}],"wp:attachment":[{"href":"https:\/\/beta.proquimia.com\/ca\/wp-json\/wp\/v2\/media?parent=32854"}],"curies":[{"name":"wp","href":"https:\/\/api.w.org\/{rel}","templated":true}]}}